{"id":1692,"date":"2018-12-03T10:11:32","date_gmt":"2018-12-03T09:11:32","guid":{"rendered":"https:\/\/tregdeferie.no\/overnatting\/oversikt-over-omradet\/"},"modified":"2019-02-11T15:44:57","modified_gmt":"2019-02-11T14:44:57","slug":"oversikt","status":"publish","type":"page","link":"https:\/\/tregdeferie.no\/en\/kontakt-oss\/oversikt\/","title":{"rendered":"Overview of the area"},"content":{"rendered":"","protected":false},"excerpt":{"rendered":"","protected":false},"author":6,"featured_media":3126,"parent":1498,"menu_order":0,"comment_status":"closed","ping_status":"closed","template":"page-templates\/pagebuilder.php","meta":{"_acf_changed":false,"_crdt_document":"","inline_featured_image":false,"footnotes":""},"class_list":["post-1692","page","type-page","status-publish","has-post-thumbnail","hentry"],"acf":[],"yoast_head":"<!-- This site is optimized with the Yoast SEO plugin v27.3 - https:\/\/yoast.com\/product\/yoast-seo-wordpress\/ -->\n<title>Overview of the area - Tregde Ferie<\/title>\n<meta name=\"robots\" content=\"index, follow, max-snippet:-1, max-image-preview:large, max-video-preview:-1\" \/>\n<link rel=\"canonical\" href=\"https:\/\/tregdeferie.no\/en\/overnatting\/oversikt\/\" \/>\n<meta property=\"og:locale\" content=\"en_US\" \/>\n<meta property=\"og:type\" content=\"article\" \/>\n<meta property=\"og:title\" content=\"Overview of the area - Tregde Ferie\" \/>\n<meta property=\"og:url\" content=\"https:\/\/tregdeferie.no\/en\/overnatting\/oversikt\/\" \/>\n<meta property=\"og:site_name\" content=\"Tregde Ferie\" \/>\n<meta property=\"article:modified_time\" content=\"2019-02-11T14:44:57+00:00\" \/>\n<meta property=\"og:image\" content=\"https:\/\/d1vrqzjvra2mg0.cloudfront.net\/wp-content\/uploads\/2020\/03\/08080253\/zskagerryvingen-Kopi-nyyy.jpg\" \/>\n\t<meta property=\"og:image:width\" content=\"1220\" \/>\n\t<meta property=\"og:image:height\" content=\"813\" \/>\n\t<meta property=\"og:image:type\" content=\"image\/jpeg\" \/>\n<meta name=\"twitter:card\" content=\"summary_large_image\" \/>\n<script type=\"application\/ld+json\" class=\"yoast-schema-graph\">{\"@context\":\"https:\\\/\\\/schema.org\",\"@graph\":[{\"@type\":\"WebPage\",\"@id\":\"https:\\\/\\\/tregdeferie.no\\\/en\\\/overnatting\\\/oversikt\\\/\",\"url\":\"https:\\\/\\\/tregdeferie.no\\\/en\\\/overnatting\\\/oversikt\\\/\",\"name\":\"Overview of the area - Tregde Ferie\",\"isPartOf\":{\"@id\":\"https:\\\/\\\/tregdeferie.no\\\/#website\"},\"primaryImageOfPage\":{\"@id\":\"https:\\\/\\\/tregdeferie.no\\\/en\\\/overnatting\\\/oversikt\\\/#primaryimage\"},\"image\":{\"@id\":\"https:\\\/\\\/tregdeferie.no\\\/en\\\/overnatting\\\/oversikt\\\/#primaryimage\"},\"thumbnailUrl\":\"https:\\\/\\\/d1vrqzjvra2mg0.cloudfront.net\\\/wp-content\\\/uploads\\\/2020\\\/03\\\/08080253\\\/zskagerryvingen-Kopi-nyyy.jpg\",\"datePublished\":\"2018-12-03T09:11:32+00:00\",\"dateModified\":\"2019-02-11T14:44:57+00:00\",\"breadcrumb\":{\"@id\":\"https:\\\/\\\/tregdeferie.no\\\/en\\\/overnatting\\\/oversikt\\\/#breadcrumb\"},\"inLanguage\":\"en-US\",\"potentialAction\":[{\"@type\":\"ReadAction\",\"target\":[\"https:\\\/\\\/tregdeferie.no\\\/en\\\/overnatting\\\/oversikt\\\/\"]}]},{\"@type\":\"ImageObject\",\"inLanguage\":\"en-US\",\"@id\":\"https:\\\/\\\/tregdeferie.no\\\/en\\\/overnatting\\\/oversikt\\\/#primaryimage\",\"url\":\"https:\\\/\\\/d1vrqzjvra2mg0.cloudfront.net\\\/wp-content\\\/uploads\\\/2020\\\/03\\\/08080253\\\/zskagerryvingen-Kopi-nyyy.jpg\",\"contentUrl\":\"https:\\\/\\\/d1vrqzjvra2mg0.cloudfront.net\\\/wp-content\\\/uploads\\\/2020\\\/03\\\/08080253\\\/zskagerryvingen-Kopi-nyyy.jpg\",\"width\":1220,\"height\":813,\"caption\":\"B\u00e5tf\u00f8rerpr\u00f8ven\"},{\"@type\":\"BreadcrumbList\",\"@id\":\"https:\\\/\\\/tregdeferie.no\\\/en\\\/overnatting\\\/oversikt\\\/#breadcrumb\",\"itemListElement\":[{\"@type\":\"ListItem\",\"position\":1,\"name\":\"Hjem\",\"item\":\"https:\\\/\\\/tregdeferie.no\\\/\"},{\"@type\":\"ListItem\",\"position\":2,\"name\":\"Accommodation\",\"item\":\"https:\\\/\\\/tregdeferie.no\\\/en\\\/overnatting\\\/\"},{\"@type\":\"ListItem\",\"position\":3,\"name\":\"Overview of the area\"}]},{\"@type\":\"WebSite\",\"@id\":\"https:\\\/\\\/tregdeferie.no\\\/#website\",\"url\":\"https:\\\/\\\/tregdeferie.no\\\/\",\"name\":\"Tregde Ferie\",\"description\":\"\",\"publisher\":{\"@id\":\"https:\\\/\\\/tregdeferie.no\\\/#organization\"},\"potentialAction\":[{\"@type\":\"SearchAction\",\"target\":{\"@type\":\"EntryPoint\",\"urlTemplate\":\"https:\\\/\\\/tregdeferie.no\\\/?s={search_term_string}\"},\"query-input\":{\"@type\":\"PropertyValueSpecification\",\"valueRequired\":true,\"valueName\":\"search_term_string\"}}],\"inLanguage\":\"en-US\"},{\"@type\":\"Organization\",\"@id\":\"https:\\\/\\\/tregdeferie.no\\\/#organization\",\"name\":\"Tregde Ferie\",\"url\":\"https:\\\/\\\/tregdeferie.no\\\/\",\"logo\":{\"@type\":\"ImageObject\",\"inLanguage\":\"en-US\",\"@id\":\"https:\\\/\\\/tregdeferie.no\\\/#\\\/schema\\\/logo\\\/image\\\/\",\"url\":\"https:\\\/\\\/d1vrqzjvra2mg0.cloudfront.net\\\/wp-content\\\/uploads\\\/2025\\\/06\\\/25095055\\\/tf_sol_logo-cropped.svg\",\"contentUrl\":\"https:\\\/\\\/d1vrqzjvra2mg0.cloudfront.net\\\/wp-content\\\/uploads\\\/2025\\\/06\\\/25095055\\\/tf_sol_logo-cropped.svg\",\"caption\":\"Tregde Ferie\"},\"image\":{\"@id\":\"https:\\\/\\\/tregdeferie.no\\\/#\\\/schema\\\/logo\\\/image\\\/\"}}]}<\/script>\n<!-- \/ Yoast SEO plugin. -->","yoast_head_json":{"title":"Overview of the area - Tregde Ferie","robots":{"index":"index","follow":"follow","max-snippet":"max-snippet:-1","max-image-preview":"max-image-preview:large","max-video-preview":"max-video-preview:-1"},"canonical":"https:\/\/tregdeferie.no\/en\/overnatting\/oversikt\/","og_locale":"en_US","og_type":"article","og_title":"Overview of the area - Tregde Ferie","og_url":"https:\/\/tregdeferie.no\/en\/overnatting\/oversikt\/","og_site_name":"Tregde Ferie","article_modified_time":"2019-02-11T14:44:57+00:00","og_image":[{"width":1220,"height":813,"url":"https:\/\/d1vrqzjvra2mg0.cloudfront.net\/wp-content\/uploads\/2020\/03\/08080253\/zskagerryvingen-Kopi-nyyy.jpg","type":"image\/jpeg"}],"twitter_card":"summary_large_image","schema":{"@context":"https:\/\/schema.org","@graph":[{"@type":"WebPage","@id":"https:\/\/tregdeferie.no\/en\/overnatting\/oversikt\/","url":"https:\/\/tregdeferie.no\/en\/overnatting\/oversikt\/","name":"Overview of the area - Tregde Ferie","isPartOf":{"@id":"https:\/\/tregdeferie.no\/#website"},"primaryImageOfPage":{"@id":"https:\/\/tregdeferie.no\/en\/overnatting\/oversikt\/#primaryimage"},"image":{"@id":"https:\/\/tregdeferie.no\/en\/overnatting\/oversikt\/#primaryimage"},"thumbnailUrl":"https:\/\/d1vrqzjvra2mg0.cloudfront.net\/wp-content\/uploads\/2020\/03\/08080253\/zskagerryvingen-Kopi-nyyy.jpg","datePublished":"2018-12-03T09:11:32+00:00","dateModified":"2019-02-11T14:44:57+00:00","breadcrumb":{"@id":"https:\/\/tregdeferie.no\/en\/overnatting\/oversikt\/#breadcrumb"},"inLanguage":"en-US","potentialAction":[{"@type":"ReadAction","target":["https:\/\/tregdeferie.no\/en\/overnatting\/oversikt\/"]}]},{"@type":"ImageObject","inLanguage":"en-US","@id":"https:\/\/tregdeferie.no\/en\/overnatting\/oversikt\/#primaryimage","url":"https:\/\/d1vrqzjvra2mg0.cloudfront.net\/wp-content\/uploads\/2020\/03\/08080253\/zskagerryvingen-Kopi-nyyy.jpg","contentUrl":"https:\/\/d1vrqzjvra2mg0.cloudfront.net\/wp-content\/uploads\/2020\/03\/08080253\/zskagerryvingen-Kopi-nyyy.jpg","width":1220,"height":813,"caption":"B\u00e5tf\u00f8rerpr\u00f8ven"},{"@type":"BreadcrumbList","@id":"https:\/\/tregdeferie.no\/en\/overnatting\/oversikt\/#breadcrumb","itemListElement":[{"@type":"ListItem","position":1,"name":"Hjem","item":"https:\/\/tregdeferie.no\/"},{"@type":"ListItem","position":2,"name":"Accommodation","item":"https:\/\/tregdeferie.no\/en\/overnatting\/"},{"@type":"ListItem","position":3,"name":"Overview of the area"}]},{"@type":"WebSite","@id":"https:\/\/tregdeferie.no\/#website","url":"https:\/\/tregdeferie.no\/","name":"Tregde Ferie","description":"","publisher":{"@id":"https:\/\/tregdeferie.no\/#organization"},"potentialAction":[{"@type":"SearchAction","target":{"@type":"EntryPoint","urlTemplate":"https:\/\/tregdeferie.no\/?s={search_term_string}"},"query-input":{"@type":"PropertyValueSpecification","valueRequired":true,"valueName":"search_term_string"}}],"inLanguage":"en-US"},{"@type":"Organization","@id":"https:\/\/tregdeferie.no\/#organization","name":"Tregde Ferie","url":"https:\/\/tregdeferie.no\/","logo":{"@type":"ImageObject","inLanguage":"en-US","@id":"https:\/\/tregdeferie.no\/#\/schema\/logo\/image\/","url":"https:\/\/d1vrqzjvra2mg0.cloudfront.net\/wp-content\/uploads\/2025\/06\/25095055\/tf_sol_logo-cropped.svg","contentUrl":"https:\/\/d1vrqzjvra2mg0.cloudfront.net\/wp-content\/uploads\/2025\/06\/25095055\/tf_sol_logo-cropped.svg","caption":"Tregde Ferie"},"image":{"@id":"https:\/\/tregdeferie.no\/#\/schema\/logo\/image\/"}}]}},"_links":{"self":[{"href":"https:\/\/tregdeferie.no\/en\/wp-json\/wp\/v2\/pages\/1692","targetHints":{"allow":["GET"]}}],"collection":[{"href":"https:\/\/tregdeferie.no\/en\/wp-json\/wp\/v2\/pages"}],"about":[{"href":"https:\/\/tregdeferie.no\/en\/wp-json\/wp\/v2\/types\/page"}],"author":[{"embeddable":true,"href":"https:\/\/tregdeferie.no\/en\/wp-json\/wp\/v2\/users\/6"}],"replies":[{"embeddable":true,"href":"https:\/\/tregdeferie.no\/en\/wp-json\/wp\/v2\/comments?post=1692"}],"version-history":[{"count":2,"href":"https:\/\/tregdeferie.no\/en\/wp-json\/wp\/v2\/pages\/1692\/revisions"}],"predecessor-version":[{"id":1694,"href":"https:\/\/tregdeferie.no\/en\/wp-json\/wp\/v2\/pages\/1692\/revisions\/1694"}],"up":[{"embeddable":true,"href":"https:\/\/tregdeferie.no\/en\/wp-json\/wp\/v2\/pages\/1498"}],"wp:featuredmedia":[{"embeddable":true,"href":"https:\/\/tregdeferie.no\/en\/wp-json\/wp\/v2\/media\/3126"}],"wp:attachment":[{"href":"https:\/\/tregdeferie.no\/en\/wp-json\/wp\/v2\/media?parent=1692"}],"curies":[{"name":"wp","href":"https:\/\/api.w.org\/{rel}","templated":true}]}}